{"id":1327,"date":"2022-05-23T17:32:19","date_gmt":"2022-05-23T17:32:19","guid":{"rendered":"https:\/\/300epi.at\/?page_id=1327"},"modified":"2022-05-25T23:18:15","modified_gmt":"2022-05-25T23:18:15","slug":"dein-einzigartiges-design","status":"publish","type":"page","link":"https:\/\/300epi.at\/?page_id=1327","title":{"rendered":"Dein einzigartiges Design"},"content":{"rendered":"\t\t<div data-elementor-type=\"wp-page\" data-elementor-id=\"1327\" class=\"elementor elementor-1327\" data-elementor-post-type=\"page\">\n\t\t\t\t\t\t<section class=\"elementor-section elementor-top-section elementor-element elementor-element-4cd349a elementor-section-boxed elementor-section-height-default elementor-section-height-default\" data-id=\"4cd349a\" data-element_type=\"section\" data-settings=\"{&quot;background_background&quot;:&quot;classic&quot;}\">\n\t\t\t\t\t\t<div class=\"elementor-container elementor-column-gap-default\">\n\t\t\t\t\t<div class=\"elementor-column elementor-col-50 elementor-top-column elementor-element elementor-element-1f46fdb\" data-id=\"1f46fdb\" data-element_type=\"column\">\n\t\t\t<div class=\"elementor-widget-wrap elementor-element-populated\">\n\t\t\t\t\t\t<div class=\"elementor-element elementor-element-8a2d608 elementor-widget elementor-widget-image\" data-id=\"8a2d608\" data-element_type=\"widget\" data-widget_type=\"image.default\">\n\t\t\t\t<div class=\"elementor-widget-container\">\n\t\t\t<style>\/*! elementor - v3.19.0 - 05-02-2024 *\/\n.elementor-widget-image{text-align:center}.elementor-widget-image a{display:inline-block}.elementor-widget-image a img[src$=\".svg\"]{width:48px}.elementor-widget-image img{vertical-align:middle;display:inline-block}<\/style>\t\t\t\t\t\t\t\t\t\t<img fetchpriority=\"high\" decoding=\"async\" width=\"1024\" height=\"1024\" src=\"https:\/\/300epi.at\/wp-content\/uploads\/2022\/05\/Balu-Instagram-1024x1024.jpg\" class=\"attachment-large size-large wp-image-1310\" alt=\"\" srcset=\"https:\/\/300epi.at\/wp-content\/uploads\/2022\/05\/Balu-Instagram-1024x1024.jpg 1024w, https:\/\/300epi.at\/wp-content\/uploads\/2022\/05\/Balu-Instagram-300x300.jpg 300w, https:\/\/300epi.at\/wp-content\/uploads\/2022\/05\/Balu-Instagram-150x150.jpg 150w, https:\/\/300epi.at\/wp-content\/uploads\/2022\/05\/Balu-Instagram-768x768.jpg 768w, https:\/\/300epi.at\/wp-content\/uploads\/2022\/05\/Balu-Instagram-1536x1536.jpg 1536w\" sizes=\"(max-width: 1024px) 100vw, 1024px\" \/>\t\t\t\t\t\t\t\t\t\t\t\t\t<\/div>\n\t\t\t\t<\/div>\n\t\t\t\t\t<\/div>\n\t\t<\/div>\n\t\t\t\t<div class=\"elementor-column elementor-col-50 elementor-top-column elementor-element elementor-element-9f7bc19\" data-id=\"9f7bc19\" data-element_type=\"column\">\n\t\t\t<div class=\"elementor-widget-wrap elementor-element-populated\">\n\t\t\t\t\t\t<div class=\"elementor-element elementor-element-f3ae47f elementor-widget elementor-widget-heading\" data-id=\"f3ae47f\" data-element_type=\"widget\" data-widget_type=\"heading.default\">\n\t\t\t\t<div class=\"elementor-widget-container\">\n\t\t\t<style>\/*! elementor - v3.19.0 - 05-02-2024 *\/\n.elementor-heading-title{padding:0;margin:0;line-height:1}.elementor-widget-heading .elementor-heading-title[class*=elementor-size-]>a{color:inherit;font-size:inherit;line-height:inherit}.elementor-widget-heading .elementor-heading-title.elementor-size-small{font-size:15px}.elementor-widget-heading .elementor-heading-title.elementor-size-medium{font-size:19px}.elementor-widget-heading .elementor-heading-title.elementor-size-large{font-size:29px}.elementor-widget-heading .elementor-heading-title.elementor-size-xl{font-size:39px}.elementor-widget-heading .elementor-heading-title.elementor-size-xxl{font-size:59px}<\/style><h2 class=\"elementor-heading-title elementor-size-default\"><br>Gib hier deine \u00dcberschrift ein<br>\nkdidndg<br>\nlksdfljd slkfjslkj asdlkj\"<br>\n\n<\/h2>\t\t<\/div>\n\t\t\t\t<\/div>\n\t\t\t\t\t<\/div>\n\t\t<\/div>\n\t\t\t\t\t<\/div>\n\t\t<\/section>\n\t\t\t\t<section class=\"elementor-section elementor-top-section elementor-element elementor-element-5d7e387 elementor-section-boxed elementor-section-height-default elementor-section-height-default\" data-id=\"5d7e387\" data-element_type=\"section\" data-settings=\"{&quot;background_background&quot;:&quot;classic&quot;}\">\n\t\t\t\t\t\t<div class=\"elementor-container elementor-column-gap-default\">\n\t\t\t\t\t<div class=\"elementor-column elementor-col-50 elementor-top-column elementor-element elementor-element-649fa25\" data-id=\"649fa25\" data-element_type=\"column\">\n\t\t\t<div class=\"elementor-widget-wrap elementor-element-populated\">\n\t\t\t\t\t\t<div class=\"elementor-element elementor-element-7aad0ef elementor-widget elementor-widget-heading\" data-id=\"7aad0ef\" data-element_type=\"widget\" data-widget_type=\"heading.default\">\n\t\t\t\t<div class=\"elementor-widget-container\">\n\t\t\t<h2 class=\"elementor-heading-title elementor-size-default\"><br>\"Gib hier deine \u00dcberschrift ein<\/h2>\t\t<\/div>\n\t\t\t\t<\/div>\n\t\t\t\t\t<\/div>\n\t\t<\/div>\n\t\t\t\t<div class=\"elementor-column elementor-col-50 elementor-top-column elementor-element elementor-element-7288849\" data-id=\"7288849\" data-element_type=\"column\">\n\t\t\t<div class=\"elementor-widget-wrap elementor-element-populated\">\n\t\t\t\t\t\t<div class=\"elementor-element elementor-element-04e1207 elementor-widget elementor-widget-image\" data-id=\"04e1207\" data-element_type=\"widget\" data-widget_type=\"image.default\">\n\t\t\t\t<div class=\"elementor-widget-container\">\n\t\t\t\t\t\t\t\t\t\t\t\t\t<img decoding=\"async\" width=\"1024\" height=\"1024\" src=\"https:\/\/300epi.at\/wp-content\/uploads\/2022\/05\/Kamera_-1024x1024.jpg\" class=\"attachment-large size-large wp-image-1372\" alt=\"\" srcset=\"https:\/\/300epi.at\/wp-content\/uploads\/2022\/05\/Kamera_-1024x1024.jpg 1024w, https:\/\/300epi.at\/wp-content\/uploads\/2022\/05\/Kamera_-300x300.jpg 300w, https:\/\/300epi.at\/wp-content\/uploads\/2022\/05\/Kamera_-150x150.jpg 150w, https:\/\/300epi.at\/wp-content\/uploads\/2022\/05\/Kamera_-768x768.jpg 768w, https:\/\/300epi.at\/wp-content\/uploads\/2022\/05\/Kamera_-1536x1536.jpg 1536w, https:\/\/300epi.at\/wp-content\/uploads\/2022\/05\/Kamera_-2048x2048.jpg 2048w\" sizes=\"(max-width: 1024px) 100vw, 1024px\" \/>\t\t\t\t\t\t\t\t\t\t\t\t\t<\/div>\n\t\t\t\t<\/div>\n\t\t\t\t\t<\/div>\n\t\t<\/div>\n\t\t\t\t\t<\/div>\n\t\t<\/section>\n\t\t\t\t<section class=\"elementor-section elementor-top-section elementor-element elementor-element-f2f6452 elementor-section-boxed elementor-section-height-default elementor-section-height-default\" data-id=\"f2f6452\" data-element_type=\"section\" data-settings=\"{&quot;background_background&quot;:&quot;classic&quot;}\">\n\t\t\t\t\t\t<div class=\"elementor-container elementor-column-gap-default\">\n\t\t\t\t\t<div class=\"elementor-column elementor-col-50 elementor-top-column elementor-element elementor-element-4ed4261\" data-id=\"4ed4261\" data-element_type=\"column\">\n\t\t\t<div class=\"elementor-widget-wrap elementor-element-populated\">\n\t\t\t\t\t\t<div class=\"elementor-element elementor-element-9612daa elementor-widget elementor-widget-image\" data-id=\"9612daa\" data-element_type=\"widget\" data-widget_type=\"image.default\">\n\t\t\t\t<div class=\"elementor-widget-container\">\n\t\t\t\t\t\t\t\t\t\t\t\t\t<img decoding=\"async\" width=\"1024\" height=\"1024\" src=\"https:\/\/300epi.at\/wp-content\/uploads\/2022\/05\/Vom-Bild-zum-Gemaelde-1024x1024.jpg\" class=\"attachment-large size-large wp-image-1370\" alt=\"\" srcset=\"https:\/\/300epi.at\/wp-content\/uploads\/2022\/05\/Vom-Bild-zum-Gemaelde-1024x1024.jpg 1024w, https:\/\/300epi.at\/wp-content\/uploads\/2022\/05\/Vom-Bild-zum-Gemaelde-300x300.jpg 300w, https:\/\/300epi.at\/wp-content\/uploads\/2022\/05\/Vom-Bild-zum-Gemaelde-150x150.jpg 150w, https:\/\/300epi.at\/wp-content\/uploads\/2022\/05\/Vom-Bild-zum-Gemaelde-768x768.jpg 768w, https:\/\/300epi.at\/wp-content\/uploads\/2022\/05\/Vom-Bild-zum-Gemaelde-1536x1536.jpg 1536w, https:\/\/300epi.at\/wp-content\/uploads\/2022\/05\/Vom-Bild-zum-Gemaelde-2048x2048.jpg 2048w\" sizes=\"(max-width: 1024px) 100vw, 1024px\" \/>\t\t\t\t\t\t\t\t\t\t\t\t\t<\/div>\n\t\t\t\t<\/div>\n\t\t\t\t\t<\/div>\n\t\t<\/div>\n\t\t\t\t<div class=\"elementor-column elementor-col-50 elementor-top-column elementor-element elementor-element-d854d0c\" data-id=\"d854d0c\" data-element_type=\"column\">\n\t\t\t<div class=\"elementor-widget-wrap elementor-element-populated\">\n\t\t\t\t\t\t<div class=\"elementor-element elementor-element-469796a elementor-widget elementor-widget-heading\" data-id=\"469796a\" data-element_type=\"widget\" data-widget_type=\"heading.default\">\n\t\t\t\t<div class=\"elementor-widget-container\">\n\t\t\t<h2 class=\"elementor-heading-title elementor-size-default\"><br>Gib hier deine \u00dcberschrift ein<\/h2>\t\t<\/div>\n\t\t\t\t<\/div>\n\t\t\t\t\t<\/div>\n\t\t<\/div>\n\t\t\t\t\t<\/div>\n\t\t<\/section>\n\t\t\t\t<section class=\"elementor-section elementor-top-section elementor-element elementor-element-e2e96d9 elementor-section-boxed elementor-section-height-default elementor-section-height-default\" data-id=\"e2e96d9\" data-element_type=\"section\" data-settings=\"{&quot;background_background&quot;:&quot;classic&quot;}\">\n\t\t\t\t\t\t<div class=\"elementor-container elementor-column-gap-default\">\n\t\t\t\t\t<div class=\"elementor-column elementor-col-100 elementor-top-column elementor-element elementor-element-3c3ba92\" data-id=\"3c3ba92\" data-element_type=\"column\">\n\t\t\t<div class=\"elementor-widget-wrap elementor-element-populated\">\n\t\t\t\t\t\t<div class=\"elementor-element elementor-element-ef0bdd6 elementor-widget elementor-widget-spacer\" data-id=\"ef0bdd6\" data-element_type=\"widget\" data-widget_type=\"spacer.default\">\n\t\t\t\t<div class=\"elementor-widget-container\">\n\t\t\t<style>\/*! elementor - v3.19.0 - 05-02-2024 *\/\n.elementor-column .elementor-spacer-inner{height:var(--spacer-size)}.e-con{--container-widget-width:100%}.e-con-inner>.elementor-widget-spacer,.e-con>.elementor-widget-spacer{width:var(--container-widget-width,var(--spacer-size));--align-self:var(--container-widget-align-self,initial);--flex-shrink:0}.e-con-inner>.elementor-widget-spacer>.elementor-widget-container,.e-con>.elementor-widget-spacer>.elementor-widget-container{height:100%;width:100%}.e-con-inner>.elementor-widget-spacer>.elementor-widget-container>.elementor-spacer,.e-con>.elementor-widget-spacer>.elementor-widget-container>.elementor-spacer{height:100%}.e-con-inner>.elementor-widget-spacer>.elementor-widget-container>.elementor-spacer>.elementor-spacer-inner,.e-con>.elementor-widget-spacer>.elementor-widget-container>.elementor-spacer>.elementor-spacer-inner{height:var(--container-widget-height,var(--spacer-size))}.e-con-inner>.elementor-widget-spacer.elementor-widget-empty,.e-con>.elementor-widget-spacer.elementor-widget-empty{position:relative;min-height:22px;min-width:22px}.e-con-inner>.elementor-widget-spacer.elementor-widget-empty .elementor-widget-empty-icon,.e-con>.elementor-widget-spacer.elementor-widget-empty .elementor-widget-empty-icon{position:absolute;top:0;bottom:0;left:0;right:0;margin:auto;padding:0;width:22px;height:22px}<\/style>\t\t<div class=\"elementor-spacer\">\n\t\t\t<div class=\"elementor-spacer-inner\"><\/div>\n\t\t<\/div>\n\t\t\t\t<\/div>\n\t\t\t\t<\/div>\n\t\t\t\t\t<\/div>\n\t\t<\/div>\n\t\t\t\t\t<\/div>\n\t\t<\/section>\n\t\t\t\t<section class=\"elementor-section elementor-top-section elementor-element elementor-element-6622a63 elementor-section-boxed elementor-section-height-default elementor-section-height-default\" data-id=\"6622a63\" data-element_type=\"section\" data-settings=\"{&quot;background_background&quot;:&quot;classic&quot;}\">\n\t\t\t\t\t\t<div class=\"elementor-container elementor-column-gap-default\">\n\t\t\t\t\t<div class=\"elementor-column elementor-col-100 elementor-top-column elementor-element elementor-element-75675bf\" data-id=\"75675bf\" data-element_type=\"column\">\n\t\t\t<div class=\"elementor-widget-wrap elementor-element-populated\">\n\t\t\t\t\t\t<div class=\"elementor-element elementor-element-d1a9c82 elementor-skin-carousel elementor-arrows-yes elementor-pagination-type-bullets elementor-pagination-position-outside elementor-widget elementor-widget-media-carousel\" data-id=\"d1a9c82\" data-element_type=\"widget\" data-settings=\"{&quot;skin&quot;:&quot;carousel&quot;,&quot;effect&quot;:&quot;slide&quot;,&quot;show_arrows&quot;:&quot;yes&quot;,&quot;pagination&quot;:&quot;bullets&quot;,&quot;speed&quot;:500,&quot;autoplay&quot;:&quot;yes&quot;,&quot;autoplay_speed&quot;:5000,&quot;loop&quot;:&quot;yes&quot;,&quot;pause_on_hover&quot;:&quot;yes&quot;,&quot;pause_on_interaction&quot;:&quot;yes&quot;,&quot;space_between&quot;:{&quot;unit&quot;:&quot;px&quot;,&quot;size&quot;:10,&quot;sizes&quot;:[]},&quot;space_between_tablet&quot;:{&quot;unit&quot;:&quot;px&quot;,&quot;size&quot;:10,&quot;sizes&quot;:[]},&quot;space_between_mobile&quot;:{&quot;unit&quot;:&quot;px&quot;,&quot;size&quot;:10,&quot;sizes&quot;:[]}}\" data-widget_type=\"media-carousel.default\">\n\t\t\t\t<div class=\"elementor-widget-container\">\n\t\t\t<link rel=\"stylesheet\" href=\"https:\/\/300epi.at\/wp-content\/plugins\/elementor-pro\/assets\/css\/widget-carousel.min.css\">\t\t<div class=\"elementor-swiper\">\n\t\t\t<div class=\"elementor-main-swiper swiper-container\">\n\t\t\t\t<div class=\"swiper-wrapper\">\n\t\t\t\t\t\t\t\t\t\t\t<div class=\"swiper-slide\">\n\t\t\t\t\t\t\t\t\t<div class=\"elementor-carousel-image\" role=\"img\" aria-label=\"Lin Instagram\" style=\"background-image: url(&#039;https:\/\/300epi.at\/wp-content\/uploads\/2022\/05\/Lin-Instagram-scaled.jpg&#039;)\">\n\n\t\t\t\n\t\t\t\t\t<\/div>\n\t\t\t\t\t\t\t\t<\/div>\n\t\t\t\t\t\t\t\t\t\t\t<div class=\"swiper-slide\">\n\t\t\t\t\t\t\t\t\t<div class=\"elementor-carousel-image\" role=\"img\" aria-label=\"Lilu Drawing\" style=\"background-image: url(&#039;https:\/\/300epi.at\/wp-content\/uploads\/2022\/05\/Lilu-Drawing.jpg&#039;)\">\n\n\t\t\t\n\t\t\t\t\t<\/div>\n\t\t\t\t\t\t\t\t<\/div>\n\t\t\t\t\t\t\t\t\t\t\t<div class=\"swiper-slide\">\n\t\t\t\t\t\t\t\t\t<div class=\"elementor-carousel-image\" role=\"img\" aria-label=\"_MG_5131\" style=\"background-image: url(&#039;https:\/\/300epi.at\/wp-content\/uploads\/2022\/05\/MG_5131-scaled.jpg&#039;)\">\n\n\t\t\t\n\t\t\t\t\t<\/div>\n\t\t\t\t\t\t\t\t<\/div>\n\t\t\t\t\t\t\t\t\t\t\t<div class=\"swiper-slide\">\n\t\t\t\t\t\t\t\t\t<div class=\"elementor-carousel-image\" role=\"img\" aria-label=\"Spikey und Lucy drawing fertig 1\" style=\"background-image: url(&#039;https:\/\/300epi.at\/wp-content\/uploads\/2022\/05\/Spikey-und-Lucy-drawing-fertig-1-scaled.jpg&#039;)\">\n\n\t\t\t\n\t\t\t\t\t<\/div>\n\t\t\t\t\t\t\t\t<\/div>\n\t\t\t\t\t\t\t\t\t\t\t<div class=\"swiper-slide\">\n\t\t\t\t\t\t\t\t\t<div class=\"elementor-carousel-image\" role=\"img\" aria-label=\"Lou am sausen drawing\" style=\"background-image: url(&#039;https:\/\/300epi.at\/wp-content\/uploads\/2022\/05\/Lou-am-sausen-drawing-scaled.jpg&#039;)\">\n\n\t\t\t\n\t\t\t\t\t<\/div>\n\t\t\t\t\t\t\t\t<\/div>\n\t\t\t\t\t\t\t\t\t<\/div>\n\t\t\t\t\t\t\t\t\t\t\t\t\t\t\t<div class=\"swiper-pagination\"><\/div>\n\t\t\t\t\t\t\t\t\t\t\t\t\t\t\t\t<div class=\"elementor-swiper-button elementor-swiper-button-prev\" role=\"button\" tabindex=\"0\">\n\t\t\t\t\t\t\t<i aria-hidden=\"true\" class=\"eicon-chevron-left\"><\/i>\t\t\t\t\t\t\t<span class=\"elementor-screen-only\">Voriger<\/span>\n\t\t\t\t\t\t<\/div>\n\t\t\t\t\t\t<div class=\"elementor-swiper-button elementor-swiper-button-next\" role=\"button\" tabindex=\"0\">\n\t\t\t\t\t\t\t<i aria-hidden=\"true\" class=\"eicon-chevron-right\"><\/i>\t\t\t\t\t\t\t<span class=\"elementor-screen-only\">N\u00e4chster<\/span>\n\t\t\t\t\t\t<\/div>\n\t\t\t\t\t\t\t\t\t\t\t\t<\/div>\n\t\t<\/div>\n\t\t\t\t<\/div>\n\t\t\t\t<\/div>\n\t\t\t\t\t<\/div>\n\t\t<\/div>\n\t\t\t\t\t<\/div>\n\t\t<\/section>\n\t\t\t\t<\/div>\n\t\t","protected":false},"excerpt":{"rendered":"<p>Gib hier deine \u00dcberschrift ein kdidndg lksdfljd slkfjslkj asdlkj&#8220; &#8222;Gib hier deine \u00dcberschrift ein Gib hier deine \u00dcberschrift ein Voriger N\u00e4chster<\/p>\n","protected":false},"author":1,"featured_media":0,"parent":0,"menu_order":99,"comment_status":"closed","ping_status":"closed","template":"","meta":{"site-sidebar-layout":"no-sidebar","site-content-layout":"page-builder","ast-main-header-display":"","ast-hfb-above-header-display":"","ast-hfb-below-header-display":"","ast-hfb-mobile-header-display":"","site-post-title":"disabled","ast-breadcrumbs-content":"","ast-featured-img":"disabled","footer-sml-layout":"","theme-transparent-header-meta":"default","adv-header-id-meta":"","stick-header-meta":"","header-above-stick-meta":"","header-main-stick-meta":"","header-below-stick-meta":"","footnotes":""},"class_list":["post-1327","page","type-page","status-publish","hentry"],"yoast_head":"<!-- This site is optimized with the Yoast SEO plugin v21.6 - https:\/\/yoast.com\/wordpress\/plugins\/seo\/ -->\n<title>300 emotions per inch - Fotografie und mehr<\/title>\n<meta name=\"description\" content=\"Fotografie ist eine Sprache die auf der ganzen Welt verstanden wird. Denn mit nur einem Bild kann eine komplette Geschichte erz\u00e4hlt werden.\" \/>\n<meta name=\"robots\" content=\"index, follow, max-snippet:-1, max-image-preview:large, max-video-preview:-1\" \/>\n<link rel=\"canonical\" href=\"https:\/\/300epi.at\/?page_id=1327\" \/>\n<meta property=\"og:locale\" content=\"de_DE\" \/>\n<meta property=\"og:type\" content=\"article\" \/>\n<meta property=\"og:title\" content=\"300 emotions per inch - Fotografie und mehr\" \/>\n<meta property=\"og:description\" content=\"Fotografie ist eine Sprache die auf der ganzen Welt verstanden wird. Denn mit nur einem Bild kann eine komplette Geschichte erz\u00e4hlt werden.\" \/>\n<meta property=\"og:url\" content=\"https:\/\/300epi.at\/?page_id=1327\" \/>\n<meta property=\"og:site_name\" content=\"300 emotions per inch\" \/>\n<meta property=\"article:modified_time\" content=\"2022-05-25T23:18:15+00:00\" \/>\n<meta property=\"og:image\" content=\"https:\/\/300epi.at\/wp-content\/uploads\/2022\/05\/Balu-Instagram-1024x1024.jpg\" \/>\n<meta name=\"twitter:card\" content=\"summary_large_image\" \/>\n<meta name=\"twitter:label1\" content=\"Gesch\u00e4tzte Lesezeit\" \/>\n\t<meta name=\"twitter:data1\" content=\"1\u00a0Minute\" \/>\n<script type=\"application\/ld+json\" class=\"yoast-schema-graph\">{\"@context\":\"https:\/\/schema.org\",\"@graph\":[{\"@type\":\"WebPage\",\"@id\":\"https:\/\/300epi.at\/?page_id=1327\",\"url\":\"https:\/\/300epi.at\/?page_id=1327\",\"name\":\"300 emotions per inch - Fotografie und mehr\",\"isPartOf\":{\"@id\":\"https:\/\/300epi.at\/#website\"},\"datePublished\":\"2022-05-23T17:32:19+00:00\",\"dateModified\":\"2022-05-25T23:18:15+00:00\",\"description\":\"Fotografie ist eine Sprache die auf der ganzen Welt verstanden wird. Denn mit nur einem Bild kann eine komplette Geschichte erz\u00e4hlt werden.\",\"breadcrumb\":{\"@id\":\"https:\/\/300epi.at\/?page_id=1327#breadcrumb\"},\"inLanguage\":\"de\",\"potentialAction\":[{\"@type\":\"ReadAction\",\"target\":[\"https:\/\/300epi.at\/?page_id=1327\"]}]},{\"@type\":\"BreadcrumbList\",\"@id\":\"https:\/\/300epi.at\/?page_id=1327#breadcrumb\",\"itemListElement\":[{\"@type\":\"ListItem\",\"position\":1,\"name\":\"Startseite\",\"item\":\"https:\/\/300epi.at\/\"},{\"@type\":\"ListItem\",\"position\":2,\"name\":\"Dein einzigartiges Design\"}]},{\"@type\":\"WebSite\",\"@id\":\"https:\/\/300epi.at\/#website\",\"url\":\"https:\/\/300epi.at\/\",\"name\":\"300 emotions per inch\",\"description\":\"300 EPI Photography\",\"publisher\":{\"@id\":\"https:\/\/300epi.at\/#organization\"},\"potentialAction\":[{\"@type\":\"SearchAction\",\"target\":{\"@type\":\"EntryPoint\",\"urlTemplate\":\"https:\/\/300epi.at\/?s={search_term_string}\"},\"query-input\":\"required name=search_term_string\"}],\"inLanguage\":\"de\"},{\"@type\":\"Organization\",\"@id\":\"https:\/\/300epi.at\/#organization\",\"name\":\"300 emotions per inch\",\"url\":\"https:\/\/300epi.at\/\",\"logo\":{\"@type\":\"ImageObject\",\"inLanguage\":\"de\",\"@id\":\"https:\/\/300epi.at\/#\/schema\/logo\/image\/\",\"url\":\"https:\/\/300epi.at\/wp-content\/uploads\/2021\/09\/300-EPI-Logo-new-white.png\",\"contentUrl\":\"https:\/\/300epi.at\/wp-content\/uploads\/2021\/09\/300-EPI-Logo-new-white.png\",\"width\":5000,\"height\":769,\"caption\":\"300 emotions per inch\"},\"image\":{\"@id\":\"https:\/\/300epi.at\/#\/schema\/logo\/image\/\"}}]}<\/script>\n<!-- \/ Yoast SEO plugin. -->","yoast_head_json":{"title":"300 emotions per inch - Fotografie und mehr","description":"Fotografie ist eine Sprache die auf der ganzen Welt verstanden wird. Denn mit nur einem Bild kann eine komplette Geschichte erz\u00e4hlt werden.","robots":{"index":"index","follow":"follow","max-snippet":"max-snippet:-1","max-image-preview":"max-image-preview:large","max-video-preview":"max-video-preview:-1"},"canonical":"https:\/\/300epi.at\/?page_id=1327","og_locale":"de_DE","og_type":"article","og_title":"300 emotions per inch - Fotografie und mehr","og_description":"Fotografie ist eine Sprache die auf der ganzen Welt verstanden wird. Denn mit nur einem Bild kann eine komplette Geschichte erz\u00e4hlt werden.","og_url":"https:\/\/300epi.at\/?page_id=1327","og_site_name":"300 emotions per inch","article_modified_time":"2022-05-25T23:18:15+00:00","og_image":[{"url":"https:\/\/300epi.at\/wp-content\/uploads\/2022\/05\/Balu-Instagram-1024x1024.jpg"}],"twitter_card":"summary_large_image","twitter_misc":{"Gesch\u00e4tzte Lesezeit":"1\u00a0Minute"},"schema":{"@context":"https:\/\/schema.org","@graph":[{"@type":"WebPage","@id":"https:\/\/300epi.at\/?page_id=1327","url":"https:\/\/300epi.at\/?page_id=1327","name":"300 emotions per inch - Fotografie und mehr","isPartOf":{"@id":"https:\/\/300epi.at\/#website"},"datePublished":"2022-05-23T17:32:19+00:00","dateModified":"2022-05-25T23:18:15+00:00","description":"Fotografie ist eine Sprache die auf der ganzen Welt verstanden wird. Denn mit nur einem Bild kann eine komplette Geschichte erz\u00e4hlt werden.","breadcrumb":{"@id":"https:\/\/300epi.at\/?page_id=1327#breadcrumb"},"inLanguage":"de","potentialAction":[{"@type":"ReadAction","target":["https:\/\/300epi.at\/?page_id=1327"]}]},{"@type":"BreadcrumbList","@id":"https:\/\/300epi.at\/?page_id=1327#breadcrumb","itemListElement":[{"@type":"ListItem","position":1,"name":"Startseite","item":"https:\/\/300epi.at\/"},{"@type":"ListItem","position":2,"name":"Dein einzigartiges Design"}]},{"@type":"WebSite","@id":"https:\/\/300epi.at\/#website","url":"https:\/\/300epi.at\/","name":"300 emotions per inch","description":"300 EPI Photography","publisher":{"@id":"https:\/\/300epi.at\/#organization"},"potentialAction":[{"@type":"SearchAction","target":{"@type":"EntryPoint","urlTemplate":"https:\/\/300epi.at\/?s={search_term_string}"},"query-input":"required name=search_term_string"}],"inLanguage":"de"},{"@type":"Organization","@id":"https:\/\/300epi.at\/#organization","name":"300 emotions per inch","url":"https:\/\/300epi.at\/","logo":{"@type":"ImageObject","inLanguage":"de","@id":"https:\/\/300epi.at\/#\/schema\/logo\/image\/","url":"https:\/\/300epi.at\/wp-content\/uploads\/2021\/09\/300-EPI-Logo-new-white.png","contentUrl":"https:\/\/300epi.at\/wp-content\/uploads\/2021\/09\/300-EPI-Logo-new-white.png","width":5000,"height":769,"caption":"300 emotions per inch"},"image":{"@id":"https:\/\/300epi.at\/#\/schema\/logo\/image\/"}}]}},"_links":{"self":[{"href":"https:\/\/300epi.at\/index.php?rest_route=\/wp\/v2\/pages\/1327","targetHints":{"allow":["GET"]}}],"collection":[{"href":"https:\/\/300epi.at\/index.php?rest_route=\/wp\/v2\/pages"}],"about":[{"href":"https:\/\/300epi.at\/index.php?rest_route=\/wp\/v2\/types\/page"}],"author":[{"embeddable":true,"href":"https:\/\/300epi.at\/index.php?rest_route=\/wp\/v2\/users\/1"}],"replies":[{"embeddable":true,"href":"https:\/\/300epi.at\/index.php?rest_route=%2Fwp%2Fv2%2Fcomments&post=1327"}],"version-history":[{"count":21,"href":"https:\/\/300epi.at\/index.php?rest_route=\/wp\/v2\/pages\/1327\/revisions"}],"predecessor-version":[{"id":1397,"href":"https:\/\/300epi.at\/index.php?rest_route=\/wp\/v2\/pages\/1327\/revisions\/1397"}],"wp:attachment":[{"href":"https:\/\/300epi.at\/index.php?rest_route=%2Fwp%2Fv2%2Fmedia&parent=1327"}],"curies":[{"name":"wp","href":"https:\/\/api.w.org\/{rel}","templated":true}]}}