{"id":205,"date":"2021-09-19T20:13:38","date_gmt":"2021-09-19T20:13:38","guid":{"rendered":"https:\/\/300epi.at\/?page_id=205"},"modified":"2022-05-25T21:08:04","modified_gmt":"2022-05-25T21:08:04","slug":"info","status":"publish","type":"page","link":"https:\/\/300epi.at\/?page_id=205","title":{"rendered":"\u00dcber mich"},"content":{"rendered":"\t\t<div data-elementor-type=\"wp-page\" data-elementor-id=\"205\" class=\"elementor elementor-205\" data-elementor-post-type=\"page\">\n\t\t\t\t\t\t<section class=\"elementor-section elementor-top-section elementor-element elementor-element-5f1c35b elementor-section-boxed elementor-section-height-default elementor-section-height-default\" data-id=\"5f1c35b\" data-element_type=\"section\">\n\t\t\t\t\t\t<div class=\"elementor-container elementor-column-gap-default\">\n\t\t\t\t\t<div class=\"elementor-column elementor-col-100 elementor-top-column elementor-element elementor-element-d2dce8b\" data-id=\"d2dce8b\" data-element_type=\"column\">\n\t\t\t<div class=\"elementor-widget-wrap elementor-element-populated\">\n\t\t\t\t\t\t<div class=\"elementor-element elementor-element-d5fdf8b elementor-widget elementor-widget-spacer\" data-id=\"d5fdf8b\" data-element_type=\"widget\" data-widget_type=\"spacer.default\">\n\t\t\t\t<div class=\"elementor-widget-container\">\n\t\t\t<style>\/*! elementor - v3.19.0 - 05-02-2024 *\/\n.elementor-column .elementor-spacer-inner{height:var(--spacer-size)}.e-con{--container-widget-width:100%}.e-con-inner>.elementor-widget-spacer,.e-con>.elementor-widget-spacer{width:var(--container-widget-width,var(--spacer-size));--align-self:var(--container-widget-align-self,initial);--flex-shrink:0}.e-con-inner>.elementor-widget-spacer>.elementor-widget-container,.e-con>.elementor-widget-spacer>.elementor-widget-container{height:100%;width:100%}.e-con-inner>.elementor-widget-spacer>.elementor-widget-container>.elementor-spacer,.e-con>.elementor-widget-spacer>.elementor-widget-container>.elementor-spacer{height:100%}.e-con-inner>.elementor-widget-spacer>.elementor-widget-container>.elementor-spacer>.elementor-spacer-inner,.e-con>.elementor-widget-spacer>.elementor-widget-container>.elementor-spacer>.elementor-spacer-inner{height:var(--container-widget-height,var(--spacer-size))}.e-con-inner>.elementor-widget-spacer.elementor-widget-empty,.e-con>.elementor-widget-spacer.elementor-widget-empty{position:relative;min-height:22px;min-width:22px}.e-con-inner>.elementor-widget-spacer.elementor-widget-empty .elementor-widget-empty-icon,.e-con>.elementor-widget-spacer.elementor-widget-empty .elementor-widget-empty-icon{position:absolute;top:0;bottom:0;left:0;right:0;margin:auto;padding:0;width:22px;height:22px}<\/style>\t\t<div class=\"elementor-spacer\">\n\t\t\t<div class=\"elementor-spacer-inner\"><\/div>\n\t\t<\/div>\n\t\t\t\t<\/div>\n\t\t\t\t<\/div>\n\t\t\t\t\t<\/div>\n\t\t<\/div>\n\t\t\t\t\t<\/div>\n\t\t<\/section>\n\t\t\t\t<section class=\"elementor-section elementor-top-section elementor-element elementor-element-3121504 elementor-section-boxed elementor-section-height-default elementor-section-height-default\" data-id=\"3121504\" data-element_type=\"section\" data-settings=\"{&quot;background_background&quot;:&quot;classic&quot;}\">\n\t\t\t\t\t\t<div class=\"elementor-container elementor-column-gap-default\">\n\t\t\t\t\t<div class=\"elementor-column elementor-col-50 elementor-top-column elementor-element elementor-element-5a2b4c9\" data-id=\"5a2b4c9\" data-element_type=\"column\">\n\t\t\t<div class=\"elementor-widget-wrap elementor-element-populated\">\n\t\t\t\t\t\t<div class=\"elementor-element elementor-element-ad0aaf2 elementor-invisible elementor-widget elementor-widget-image\" data-id=\"ad0aaf2\" data-element_type=\"widget\" data-settings=\"{&quot;_animation&quot;:&quot;fadeInLeft&quot;}\" data-widget_type=\"image.default\">\n\t\t\t\t<div class=\"elementor-widget-container\">\n\t\t\t<style>\/*! elementor - v3.19.0 - 05-02-2024 *\/\n.elementor-widget-image{text-align:center}.elementor-widget-image a{display:inline-block}.elementor-widget-image a img[src$=\".svg\"]{width:48px}.elementor-widget-image img{vertical-align:middle;display:inline-block}<\/style>\t\t\t\t\t\t\t\t\t\t<img fetchpriority=\"high\" decoding=\"async\" width=\"1024\" height=\"683\" src=\"https:\/\/300epi.at\/wp-content\/uploads\/2021\/10\/300-EPI-Photography-1024x683.jpg\" class=\"attachment-large size-large wp-image-633\" alt=\"300 Emotions per inch Max\" srcset=\"https:\/\/300epi.at\/wp-content\/uploads\/2021\/10\/300-EPI-Photography-1024x683.jpg 1024w, https:\/\/300epi.at\/wp-content\/uploads\/2021\/10\/300-EPI-Photography-scaled-600x400.jpg 600w, https:\/\/300epi.at\/wp-content\/uploads\/2021\/10\/300-EPI-Photography-300x200.jpg 300w, https:\/\/300epi.at\/wp-content\/uploads\/2021\/10\/300-EPI-Photography-768x512.jpg 768w, https:\/\/300epi.at\/wp-content\/uploads\/2021\/10\/300-EPI-Photography-1536x1024.jpg 1536w, https:\/\/300epi.at\/wp-content\/uploads\/2021\/10\/300-EPI-Photography-2048x1366.jpg 2048w\" sizes=\"(max-width: 1024px) 100vw, 1024px\" \/>\t\t\t\t\t\t\t\t\t\t\t\t\t<\/div>\n\t\t\t\t<\/div>\n\t\t\t\t\t<\/div>\n\t\t<\/div>\n\t\t\t\t<div class=\"elementor-column elementor-col-50 elementor-top-column elementor-element elementor-element-67cfd41\" data-id=\"67cfd41\" data-element_type=\"column\">\n\t\t\t<div class=\"elementor-widget-wrap elementor-element-populated\">\n\t\t\t\t\t\t<div class=\"elementor-element elementor-element-7ab1ba9 elementor-invisible elementor-widget elementor-widget-text-editor\" data-id=\"7ab1ba9\" data-element_type=\"widget\" data-settings=\"{&quot;_animation&quot;:&quot;fadeInRight&quot;}\" data-widget_type=\"text-editor.default\">\n\t\t\t\t<div class=\"elementor-widget-container\">\n\t\t\t<style>\/*! elementor - v3.19.0 - 05-02-2024 *\/\n.elementor-widget-text-editor.elementor-drop-cap-view-stacked .elementor-drop-cap{background-color:#69727d;color:#fff}.elementor-widget-text-editor.elementor-drop-cap-view-framed .elementor-drop-cap{color:#69727d;border:3px solid;background-color:transparent}.elementor-widget-text-editor:not(.elementor-drop-cap-view-default) .elementor-drop-cap{margin-top:8px}.elementor-widget-text-editor:not(.elementor-drop-cap-view-default) .elementor-drop-cap-letter{width:1em;height:1em}.elementor-widget-text-editor .elementor-drop-cap{float:left;text-align:center;line-height:1;font-size:50px}.elementor-widget-text-editor .elementor-drop-cap-letter{display:inline-block}<\/style>\t\t\t\t<p><strong>Hallo und herzlich willkommen!<\/strong><\/p><p>Mein Name ist Max, ich bin der Gr\u00fcnder von 300 Emotions per inch. Ich bin seit vielen Jahren passionierter Fotograf und\u00a0freue mich schon jetzt auf unsere zuk\u00fcnftige Zusammenarbeit!<\/p>\t\t\t\t\t\t<\/div>\n\t\t\t\t<\/div>\n\t\t\t\t\t<\/div>\n\t\t<\/div>\n\t\t\t\t\t<\/div>\n\t\t<\/section>\n\t\t\t\t<section class=\"elementor-section elementor-top-section elementor-element elementor-element-5961ce3 elementor-section-boxed elementor-section-height-default elementor-section-height-default\" data-id=\"5961ce3\" data-element_type=\"section\">\n\t\t\t\t\t\t<div class=\"elementor-container elementor-column-gap-default\">\n\t\t\t\t\t<div class=\"elementor-column elementor-col-100 elementor-top-column elementor-element elementor-element-f153e59\" data-id=\"f153e59\" data-element_type=\"column\">\n\t\t\t<div class=\"elementor-widget-wrap elementor-element-populated\">\n\t\t\t\t\t\t<div class=\"elementor-element elementor-element-b864142 elementor-widget elementor-widget-spacer\" data-id=\"b864142\" data-element_type=\"widget\" data-widget_type=\"spacer.default\">\n\t\t\t\t<div class=\"elementor-widget-container\">\n\t\t\t\t\t<div class=\"elementor-spacer\">\n\t\t\t<div class=\"elementor-spacer-inner\"><\/div>\n\t\t<\/div>\n\t\t\t\t<\/div>\n\t\t\t\t<\/div>\n\t\t\t\t\t<\/div>\n\t\t<\/div>\n\t\t\t\t\t<\/div>\n\t\t<\/section>\n\t\t\t\t<section class=\"elementor-section elementor-top-section elementor-element elementor-element-38bf7ba elementor-section-boxed elementor-section-height-default elementor-section-height-default\" data-id=\"38bf7ba\" data-element_type=\"section\" data-settings=\"{&quot;background_background&quot;:&quot;classic&quot;}\">\n\t\t\t\t\t\t<div class=\"elementor-container elementor-column-gap-default\">\n\t\t\t\t\t<div class=\"elementor-column elementor-col-50 elementor-top-column elementor-element elementor-element-2ce7302\" data-id=\"2ce7302\" data-element_type=\"column\">\n\t\t\t<div class=\"elementor-widget-wrap elementor-element-populated\">\n\t\t\t\t\t\t<div class=\"elementor-element elementor-element-49105df elementor-invisible elementor-widget elementor-widget-text-editor\" data-id=\"49105df\" data-element_type=\"widget\" data-settings=\"{&quot;_animation&quot;:&quot;fadeInLeft&quot;}\" data-widget_type=\"text-editor.default\">\n\t\t\t\t<div class=\"elementor-widget-container\">\n\t\t\t\t\t\t\t<p>Bilder haben die M\u00f6glichkeit das oftmals Verborgene, sichtbar zu machen. Somit lege ich bei meinen Bildern besonderen Wert auf echte Gef\u00fchle, Liebe zum Detail und kreative Ans\u00e4tze, um das bestm\u00f6gliche Ergebnis f\u00fcr Sie zu erzielen.<\/p>\t\t\t\t\t\t<\/div>\n\t\t\t\t<\/div>\n\t\t\t\t\t<\/div>\n\t\t<\/div>\n\t\t\t\t<div class=\"elementor-column elementor-col-50 elementor-top-column elementor-element elementor-element-0390e02\" data-id=\"0390e02\" data-element_type=\"column\">\n\t\t\t<div class=\"elementor-widget-wrap elementor-element-populated\">\n\t\t\t\t\t\t<div class=\"elementor-element elementor-element-514ea16 elementor-invisible elementor-widget elementor-widget-image\" data-id=\"514ea16\" data-element_type=\"widget\" data-settings=\"{&quot;_animation&quot;:&quot;fadeInRight&quot;}\" data-widget_type=\"image.default\">\n\t\t\t\t<div class=\"elementor-widget-container\">\n\t\t\t\t\t\t\t\t\t\t\t\t\t<img decoding=\"async\" width=\"1024\" height=\"683\" src=\"https:\/\/300epi.at\/wp-content\/uploads\/2021\/09\/Canon-EOS-Gimp-1024x683.jpg\" class=\"attachment-large size-large wp-image-142\" alt=\"300 Emotions per Inch Kamera\" srcset=\"https:\/\/300epi.at\/wp-content\/uploads\/2021\/09\/Canon-EOS-Gimp-1024x683.jpg 1024w, https:\/\/300epi.at\/wp-content\/uploads\/2021\/09\/Canon-EOS-Gimp-scaled-600x400.jpg 600w, https:\/\/300epi.at\/wp-content\/uploads\/2021\/09\/Canon-EOS-Gimp-300x200.jpg 300w, https:\/\/300epi.at\/wp-content\/uploads\/2021\/09\/Canon-EOS-Gimp-768x512.jpg 768w, https:\/\/300epi.at\/wp-content\/uploads\/2021\/09\/Canon-EOS-Gimp-1536x1024.jpg 1536w, https:\/\/300epi.at\/wp-content\/uploads\/2021\/09\/Canon-EOS-Gimp-2048x1365.jpg 2048w\" sizes=\"(max-width: 1024px) 100vw, 1024px\" \/>\t\t\t\t\t\t\t\t\t\t\t\t\t<\/div>\n\t\t\t\t<\/div>\n\t\t\t\t\t<\/div>\n\t\t<\/div>\n\t\t\t\t\t<\/div>\n\t\t<\/section>\n\t\t\t\t<section class=\"elementor-section elementor-top-section elementor-element elementor-element-c400360 elementor-section-boxed elementor-section-height-default elementor-section-height-default\" data-id=\"c400360\" data-element_type=\"section\">\n\t\t\t\t\t\t<div class=\"elementor-container elementor-column-gap-default\">\n\t\t\t\t\t<div class=\"elementor-column elementor-col-100 elementor-top-column elementor-element elementor-element-e4d177e\" data-id=\"e4d177e\" data-element_type=\"column\">\n\t\t\t<div class=\"elementor-widget-wrap elementor-element-populated\">\n\t\t\t\t\t\t<div class=\"elementor-element elementor-element-23ad9c0 elementor-widget elementor-widget-spacer\" data-id=\"23ad9c0\" data-element_type=\"widget\" data-widget_type=\"spacer.default\">\n\t\t\t\t<div class=\"elementor-widget-container\">\n\t\t\t\t\t<div class=\"elementor-spacer\">\n\t\t\t<div class=\"elementor-spacer-inner\"><\/div>\n\t\t<\/div>\n\t\t\t\t<\/div>\n\t\t\t\t<\/div>\n\t\t\t\t\t<\/div>\n\t\t<\/div>\n\t\t\t\t\t<\/div>\n\t\t<\/section>\n\t\t\t\t<section class=\"elementor-section elementor-top-section elementor-element elementor-element-e8a58b8 elementor-section-boxed elementor-section-height-default elementor-section-height-default\" data-id=\"e8a58b8\" data-element_type=\"section\" data-settings=\"{&quot;background_background&quot;:&quot;classic&quot;}\">\n\t\t\t\t\t\t<div class=\"elementor-container elementor-column-gap-default\">\n\t\t\t\t\t<div class=\"elementor-column elementor-col-50 elementor-top-column elementor-element elementor-element-4b8fa10\" data-id=\"4b8fa10\" data-element_type=\"column\">\n\t\t\t<div class=\"elementor-widget-wrap elementor-element-populated\">\n\t\t\t\t\t\t<div class=\"elementor-element elementor-element-9417438 elementor-invisible elementor-widget elementor-widget-image\" data-id=\"9417438\" data-element_type=\"widget\" data-settings=\"{&quot;_animation&quot;:&quot;fadeInLeft&quot;}\" data-widget_type=\"image.default\">\n\t\t\t\t<div class=\"elementor-widget-container\">\n\t\t\t\t\t\t\t\t\t\t\t\t\t<img decoding=\"async\" width=\"720\" height=\"405\" src=\"https:\/\/300epi.at\/wp-content\/uploads\/2021\/10\/FB_IMG_1633888242716.jpg\" class=\"attachment-large size-large wp-image-812\" alt=\"300 Emotions per Inch Digital\" srcset=\"https:\/\/300epi.at\/wp-content\/uploads\/2021\/10\/FB_IMG_1633888242716.jpg 720w, https:\/\/300epi.at\/wp-content\/uploads\/2021\/10\/FB_IMG_1633888242716-600x338.jpg 600w, https:\/\/300epi.at\/wp-content\/uploads\/2021\/10\/FB_IMG_1633888242716-300x169.jpg 300w\" sizes=\"(max-width: 720px) 100vw, 720px\" \/>\t\t\t\t\t\t\t\t\t\t\t\t\t<\/div>\n\t\t\t\t<\/div>\n\t\t\t\t\t<\/div>\n\t\t<\/div>\n\t\t\t\t<div class=\"elementor-column elementor-col-50 elementor-top-column elementor-element elementor-element-693a0b9\" data-id=\"693a0b9\" data-element_type=\"column\">\n\t\t\t<div class=\"elementor-widget-wrap elementor-element-populated\">\n\t\t\t\t\t\t<div class=\"elementor-element elementor-element-8f05575 elementor-invisible elementor-widget elementor-widget-text-editor\" data-id=\"8f05575\" data-element_type=\"widget\" data-settings=\"{&quot;_animation&quot;:&quot;fadeInRight&quot;}\" data-widget_type=\"text-editor.default\">\n\t\t\t\t<div class=\"elementor-widget-container\">\n\t\t\t\t\t\t\t<p>Neben der Traditionellen Fotografie, befasse ich mich umfassend mit Computer generierten Bildern. Der Kreativit\u00e4t sind somit keinerlei Grenzen mehr gesetzt, wenn mithilfe weniger Mausklicks eine realistische Welt erzeugt werden kann.<\/p>\t\t\t\t\t\t<\/div>\n\t\t\t\t<\/div>\n\t\t\t\t\t<\/div>\n\t\t<\/div>\n\t\t\t\t\t<\/div>\n\t\t<\/section>\n\t\t\t\t<section class=\"elementor-section elementor-top-section elementor-element elementor-element-8ce9d5c elementor-section-boxed elementor-section-height-default elementor-section-height-default\" data-id=\"8ce9d5c\" data-element_type=\"section\">\n\t\t\t\t\t\t<div class=\"elementor-container elementor-column-gap-default\">\n\t\t\t\t\t<div class=\"elementor-column elementor-col-100 elementor-top-column elementor-element elementor-element-dbe2ab8\" data-id=\"dbe2ab8\" data-element_type=\"column\">\n\t\t\t<div class=\"elementor-widget-wrap elementor-element-populated\">\n\t\t\t\t\t\t<div class=\"elementor-element elementor-element-73dbc24 elementor-widget elementor-widget-spacer\" data-id=\"73dbc24\" data-element_type=\"widget\" data-widget_type=\"spacer.default\">\n\t\t\t\t<div class=\"elementor-widget-container\">\n\t\t\t\t\t<div class=\"elementor-spacer\">\n\t\t\t<div class=\"elementor-spacer-inner\"><\/div>\n\t\t<\/div>\n\t\t\t\t<\/div>\n\t\t\t\t<\/div>\n\t\t\t\t\t<\/div>\n\t\t<\/div>\n\t\t\t\t\t<\/div>\n\t\t<\/section>\n\t\t\t\t<\/div>\n\t\t","protected":false},"excerpt":{"rendered":"<p>Hallo und herzlich willkommen! Mein Name ist Max, ich bin der Gr\u00fcnder von 300 Emotions per inch. Ich bin seit vielen Jahren passionierter Fotograf und&nbsp;freue mich schon jetzt auf unsere zuk\u00fcnftige Zusammenarbeit! Bilder haben die M\u00f6glichkeit das oftmals Verborgene, sichtbar zu machen. Somit lege ich bei meinen Bildern besonderen Wert auf echte Gef\u00fchle, Liebe zum &hellip;<\/p>\n<p class=\"read-more\"> <a class=\"\" href=\"https:\/\/300epi.at\/?page_id=205\"> <span class=\"screen-reader-text\">\u00dcber mich<\/span> Weiterlesen &raquo;<\/a><\/p>\n","protected":false},"author":1,"featured_media":0,"parent":0,"menu_order":2,"comment_status":"closed","ping_status":"closed","template":"","meta":{"site-sidebar-layout":"no-sidebar","site-content-layout":"page-builder","ast-main-header-display":"","ast-hfb-above-header-display":"","ast-hfb-below-header-display":"","ast-hfb-mobile-header-display":"","site-post-title":"disabled","ast-breadcrumbs-content":"","ast-featured-img":"disabled","footer-sml-layout":"","theme-transparent-header-meta":"default","adv-header-id-meta":"","stick-header-meta":"","header-above-stick-meta":"","header-main-stick-meta":"","header-below-stick-meta":"","footnotes":""},"class_list":["post-205","page","type-page","status-publish","hentry"],"yoast_head":"<!-- This site is optimized with the Yoast SEO plugin v21.6 - https:\/\/yoast.com\/wordpress\/plugins\/seo\/ -->\n<title>\u00dcber mich - 300 emotions per inch<\/title>\n<meta name=\"description\" content=\"Fotografie ist eine Sprache die auf der ganzen Welt verstanden wird. Denn mit nur einem Bild kann eine komplette Geschichte erz\u00e4hlt werden.\" \/>\n<meta name=\"robots\" content=\"index, follow, max-snippet:-1, max-image-preview:large, max-video-preview:-1\" \/>\n<link rel=\"canonical\" href=\"https:\/\/300epi.at\/?page_id=205\" \/>\n<meta property=\"og:locale\" content=\"de_DE\" \/>\n<meta property=\"og:type\" content=\"article\" \/>\n<meta property=\"og:title\" content=\"\u00dcber mich - 300 emotions per inch\" \/>\n<meta property=\"og:description\" content=\"Fotografie ist eine Sprache die auf der ganzen Welt verstanden wird. Denn mit nur einem Bild kann eine komplette Geschichte erz\u00e4hlt werden.\" \/>\n<meta property=\"og:url\" content=\"https:\/\/300epi.at\/?page_id=205\" \/>\n<meta property=\"og:site_name\" content=\"300 emotions per inch\" \/>\n<meta property=\"article:modified_time\" content=\"2022-05-25T21:08:04+00:00\" \/>\n<meta property=\"og:image\" content=\"https:\/\/300epi.at\/wp-content\/uploads\/2021\/10\/300-EPI-Photography-1024x683.jpg\" \/>\n<meta name=\"twitter:card\" content=\"summary_large_image\" \/>\n<meta name=\"twitter:label1\" content=\"Gesch\u00e4tzte Lesezeit\" \/>\n\t<meta name=\"twitter:data1\" content=\"2\u00a0Minuten\" \/>\n<script type=\"application\/ld+json\" class=\"yoast-schema-graph\">{\"@context\":\"https:\/\/schema.org\",\"@graph\":[{\"@type\":\"WebPage\",\"@id\":\"https:\/\/300epi.at\/?page_id=205\",\"url\":\"https:\/\/300epi.at\/?page_id=205\",\"name\":\"\u00dcber mich - 300 emotions per inch\",\"isPartOf\":{\"@id\":\"https:\/\/300epi.at\/#website\"},\"datePublished\":\"2021-09-19T20:13:38+00:00\",\"dateModified\":\"2022-05-25T21:08:04+00:00\",\"description\":\"Fotografie ist eine Sprache die auf der ganzen Welt verstanden wird. Denn mit nur einem Bild kann eine komplette Geschichte erz\u00e4hlt werden.\",\"breadcrumb\":{\"@id\":\"https:\/\/300epi.at\/?page_id=205#breadcrumb\"},\"inLanguage\":\"de\",\"potentialAction\":[{\"@type\":\"ReadAction\",\"target\":[\"https:\/\/300epi.at\/?page_id=205\"]}]},{\"@type\":\"BreadcrumbList\",\"@id\":\"https:\/\/300epi.at\/?page_id=205#breadcrumb\",\"itemListElement\":[{\"@type\":\"ListItem\",\"position\":1,\"name\":\"Startseite\",\"item\":\"https:\/\/300epi.at\/\"},{\"@type\":\"ListItem\",\"position\":2,\"name\":\"\u00dcber mich\"}]},{\"@type\":\"WebSite\",\"@id\":\"https:\/\/300epi.at\/#website\",\"url\":\"https:\/\/300epi.at\/\",\"name\":\"300 emotions per inch\",\"description\":\"300 EPI Photography\",\"publisher\":{\"@id\":\"https:\/\/300epi.at\/#organization\"},\"potentialAction\":[{\"@type\":\"SearchAction\",\"target\":{\"@type\":\"EntryPoint\",\"urlTemplate\":\"https:\/\/300epi.at\/?s={search_term_string}\"},\"query-input\":\"required name=search_term_string\"}],\"inLanguage\":\"de\"},{\"@type\":\"Organization\",\"@id\":\"https:\/\/300epi.at\/#organization\",\"name\":\"300 emotions per inch\",\"url\":\"https:\/\/300epi.at\/\",\"logo\":{\"@type\":\"ImageObject\",\"inLanguage\":\"de\",\"@id\":\"https:\/\/300epi.at\/#\/schema\/logo\/image\/\",\"url\":\"https:\/\/300epi.at\/wp-content\/uploads\/2021\/09\/300-EPI-Logo-new-white.png\",\"contentUrl\":\"https:\/\/300epi.at\/wp-content\/uploads\/2021\/09\/300-EPI-Logo-new-white.png\",\"width\":5000,\"height\":769,\"caption\":\"300 emotions per inch\"},\"image\":{\"@id\":\"https:\/\/300epi.at\/#\/schema\/logo\/image\/\"}}]}<\/script>\n<!-- \/ Yoast SEO plugin. -->","yoast_head_json":{"title":"\u00dcber mich - 300 emotions per inch","description":"Fotografie ist eine Sprache die auf der ganzen Welt verstanden wird. Denn mit nur einem Bild kann eine komplette Geschichte erz\u00e4hlt werden.","robots":{"index":"index","follow":"follow","max-snippet":"max-snippet:-1","max-image-preview":"max-image-preview:large","max-video-preview":"max-video-preview:-1"},"canonical":"https:\/\/300epi.at\/?page_id=205","og_locale":"de_DE","og_type":"article","og_title":"\u00dcber mich - 300 emotions per inch","og_description":"Fotografie ist eine Sprache die auf der ganzen Welt verstanden wird. Denn mit nur einem Bild kann eine komplette Geschichte erz\u00e4hlt werden.","og_url":"https:\/\/300epi.at\/?page_id=205","og_site_name":"300 emotions per inch","article_modified_time":"2022-05-25T21:08:04+00:00","og_image":[{"url":"https:\/\/300epi.at\/wp-content\/uploads\/2021\/10\/300-EPI-Photography-1024x683.jpg"}],"twitter_card":"summary_large_image","twitter_misc":{"Gesch\u00e4tzte Lesezeit":"2\u00a0Minuten"},"schema":{"@context":"https:\/\/schema.org","@graph":[{"@type":"WebPage","@id":"https:\/\/300epi.at\/?page_id=205","url":"https:\/\/300epi.at\/?page_id=205","name":"\u00dcber mich - 300 emotions per inch","isPartOf":{"@id":"https:\/\/300epi.at\/#website"},"datePublished":"2021-09-19T20:13:38+00:00","dateModified":"2022-05-25T21:08:04+00:00","description":"Fotografie ist eine Sprache die auf der ganzen Welt verstanden wird. Denn mit nur einem Bild kann eine komplette Geschichte erz\u00e4hlt werden.","breadcrumb":{"@id":"https:\/\/300epi.at\/?page_id=205#breadcrumb"},"inLanguage":"de","potentialAction":[{"@type":"ReadAction","target":["https:\/\/300epi.at\/?page_id=205"]}]},{"@type":"BreadcrumbList","@id":"https:\/\/300epi.at\/?page_id=205#breadcrumb","itemListElement":[{"@type":"ListItem","position":1,"name":"Startseite","item":"https:\/\/300epi.at\/"},{"@type":"ListItem","position":2,"name":"\u00dcber mich"}]},{"@type":"WebSite","@id":"https:\/\/300epi.at\/#website","url":"https:\/\/300epi.at\/","name":"300 emotions per inch","description":"300 EPI Photography","publisher":{"@id":"https:\/\/300epi.at\/#organization"},"potentialAction":[{"@type":"SearchAction","target":{"@type":"EntryPoint","urlTemplate":"https:\/\/300epi.at\/?s={search_term_string}"},"query-input":"required name=search_term_string"}],"inLanguage":"de"},{"@type":"Organization","@id":"https:\/\/300epi.at\/#organization","name":"300 emotions per inch","url":"https:\/\/300epi.at\/","logo":{"@type":"ImageObject","inLanguage":"de","@id":"https:\/\/300epi.at\/#\/schema\/logo\/image\/","url":"https:\/\/300epi.at\/wp-content\/uploads\/2021\/09\/300-EPI-Logo-new-white.png","contentUrl":"https:\/\/300epi.at\/wp-content\/uploads\/2021\/09\/300-EPI-Logo-new-white.png","width":5000,"height":769,"caption":"300 emotions per inch"},"image":{"@id":"https:\/\/300epi.at\/#\/schema\/logo\/image\/"}}]}},"_links":{"self":[{"href":"https:\/\/300epi.at\/index.php?rest_route=\/wp\/v2\/pages\/205","targetHints":{"allow":["GET"]}}],"collection":[{"href":"https:\/\/300epi.at\/index.php?rest_route=\/wp\/v2\/pages"}],"about":[{"href":"https:\/\/300epi.at\/index.php?rest_route=\/wp\/v2\/types\/page"}],"author":[{"embeddable":true,"href":"https:\/\/300epi.at\/index.php?rest_route=\/wp\/v2\/users\/1"}],"replies":[{"embeddable":true,"href":"https:\/\/300epi.at\/index.php?rest_route=%2Fwp%2Fv2%2Fcomments&post=205"}],"version-history":[{"count":91,"href":"https:\/\/300epi.at\/index.php?rest_route=\/wp\/v2\/pages\/205\/revisions"}],"predecessor-version":[{"id":1360,"href":"https:\/\/300epi.at\/index.php?rest_route=\/wp\/v2\/pages\/205\/revisions\/1360"}],"wp:attachment":[{"href":"https:\/\/300epi.at\/index.php?rest_route=%2Fwp%2Fv2%2Fmedia&parent=205"}],"curies":[{"name":"wp","href":"https:\/\/api.w.org\/{rel}","templated":true}]}}